{"id":1065,"date":"2021-12-09T23:47:47","date_gmt":"2021-12-09T22:47:47","guid":{"rendered":"https:\/\/acmarines.fr\/?page_id=1065"},"modified":"2026-03-06T00:34:35","modified_gmt":"2026-03-05T23:34:35","slug":"presentation-du-club","status":"publish","type":"page","link":"https:\/\/acmarines.fr\/?page_id=1065","title":{"rendered":"Pr\u00e9sentation du club"},"content":{"rendered":"\n<p class=\"has-text-align-left\"><strong>L\u2019Association Cycliste de Marines a \u00e9t\u00e9 cr\u00e9\u00e9e en 1983. Elle regroupe aujourd\u2019hui plus d\u2019une centaine de pratiquants, tous anim\u00e9s d\u2019une m\u00eame passion, le v\u00e9lo, que ce soit le v\u00e9lo de comp\u00e9tition, le v\u00e9lo de loisirs, le VTT ou encore le triathlon.<\/strong><\/p>\n\n\n\n<p><\/p>\n\n\n\n<p>L\u2019A.C. Marines est affili\u00e9e \u00e0 l\u2019UFOLEP ainsi qu\u2019\u00e0 la FFC.<\/p>\n\n\n\n<p><\/p>\n\n\n\n<p><strong><u>Elle dispose d\u2019une \u00e9cole de VTT qui regroupe un peu plus de 60 jeunes de moins de seize ans.<\/u><\/strong><\/p>\n\n\n\n<p>Son bureau est compos\u00e9 de 15 membres, tous b\u00e9n\u00e9voles :<\/p>\n\n\n\n<p><strong>La politique du club :<\/strong><\/p>\n\n\n\n<ul class=\"wp-block-list\">\n<li>Accueillir toute personne dans les diff\u00e9rentes disciplines cyclistes \u00e0 partir de 7 ans jusqu\u2019\u00e0 99 ans<\/li>\n\n\n\n<li>Adh\u00e9rer \u00e0 la vie associative<\/li>\n\n\n\n<li>Acc\u00e9der \u00e0 des comp\u00e9titions nationales et aux diff\u00e9rents championnats d\u00e9partementaux et r\u00e9gionaux<\/li>\n\n\n\n<li>Organiser des manifestations cyclistes (<strong>V<\/strong>al d\u2019<strong>O<\/strong>ise <strong>T<\/strong>rophy Adultes et Jeunes, course sur route)<\/li>\n<\/ul>\n\n\n\n<p><strong>Les disciplines<\/strong> :<\/p>\n\n\n\n<p>(En loisirs ou en comp\u00e9tition) :<\/p>\n\n\n\n<ul class=\"wp-block-list\">\n<li>Ecole VTT de 7 \u00e0 16 ans<\/li>\n\n\n\n<li>VTT adultes<\/li>\n\n\n\n<li>Cyclosportive &amp; Cyclotourisme<\/li>\n\n\n\n<li>Comp\u00e9tition sur route<\/li>\n\n\n\n<li>Triathlon (arr\u00eat\u00e9e pour la saison 2024 par manque de candidat)<\/li>\n<\/ul>\n\n\n\n<p><strong>Les adh\u00e9rents<\/strong> :<\/p>\n\n\n\n<p>Aujourd\u2019hui, le club compte plus de 100 adh\u00e9rents de 7 \u00e0 70 ans <strong>dont plusieurs f\u00e9minines<\/strong>.<\/p>\n\n\n\n<p>Les jeunes repr\u00e9sentent 70% du club. Le club a la chance de compter sur de nombreux b\u00e9n\u00e9voles dynamiques et disponibles pour aider aux organisations du club.<\/p>\n","protected":false},"excerpt":{"rendered":"<p>L\u2019Association Cycliste de Marines a \u00e9t\u00e9 cr\u00e9\u00e9e en 1983. Elle regroupe aujourd\u2019hui plus d\u2019une centaine de pratiquants, tous<\/p>\n","protected":false},"author":1,"featured_media":0,"parent":0,"menu_order":0,"comment_status":"closed","ping_status":"closed","template":"","meta":{"jetpack_post_was_ever_published":false,"footnotes":""},"class_list":["post-1065","page","type-page","status-publish","hentry"],"jetpack_sharing_enabled":true,"_links":{"self":[{"href":"https:\/\/acmarines.fr\/index.php?rest_route=\/wp\/v2\/pages\/1065","targetHints":{"allow":["GET"]}}],"collection":[{"href":"https:\/\/acmarines.fr\/index.php?rest_route=\/wp\/v2\/pages"}],"about":[{"href":"https:\/\/acmarines.fr\/index.php?rest_route=\/wp\/v2\/types\/page"}],"author":[{"embeddable":true,"href":"https:\/\/acmarines.fr\/index.php?rest_route=\/wp\/v2\/users\/1"}],"replies":[{"embeddable":true,"href":"https:\/\/acmarines.fr\/index.php?rest_route=%2Fwp%2Fv2%2Fcomments&post=1065"}],"version-history":[{"count":19,"href":"https:\/\/acmarines.fr\/index.php?rest_route=\/wp\/v2\/pages\/1065\/revisions"}],"predecessor-version":[{"id":25470,"href":"https:\/\/acmarines.fr\/index.php?rest_route=\/wp\/v2\/pages\/1065\/revisions\/25470"}],"wp:attachment":[{"href":"https:\/\/acmarines.fr\/index.php?rest_route=%2Fwp%2Fv2%2Fmedia&parent=1065"}],"curies":[{"name":"wp","href":"https:\/\/api.w.org\/{rel}","templated":true}]}}