{"id":420,"date":"2021-12-06T10:22:10","date_gmt":"2021-12-06T09:22:10","guid":{"rendered":"https:\/\/acmarines.wordpress.com\/?page_id=420"},"modified":"2022-01-11T22:19:32","modified_gmt":"2022-01-11T21:19:32","slug":"le-prix-de-la-st-remy","status":"publish","type":"page","link":"https:\/\/acmarines.fr\/?page_id=420","title":{"rendered":"Le prix de la St Remy"},"content":{"rendered":"\n<div class=\"wp-block-group alignfull has-black-color has-white-background-color has-text-color has-background is-layout-flow wp-block-group-is-layout-flow\">\n<div class=\"wp-block-image\"><figure class=\"aligncenter size-large is-resized\"><img data-recalc-dims=\"1\" loading=\"lazy\" decoding=\"async\" src=\"https:\/\/acmarines.files.wordpress.com\/2021\/12\/prixstremy.jpg?w=720&#038;resize=540%2C720\" alt=\"\" class=\"wp-image-426\" width=\"540\" height=\"720\"\/><\/figure><\/div>\n<\/div>\n\n\n\n<p class=\"has-black-color has-white-background-color has-text-color has-background\">L\u2019<strong>A<\/strong>ssociation <strong>C<\/strong>ycliste de <strong>Marines<\/strong> organise deux courses sur route sous l\u2019\u00e9gide de l\u2019UFOLEP,&nbsp; comptant pour le challenge du Val d\u2019Oise. Le d\u00e9part et l\u2019arriv\u00e9e se situent rue des Hautiers et les coureurs en d\u00e9coudront sur un circuit de 6 km \u00e0 effectuer plusieurs fois.<\/p>\n\n\n\n<p class=\"has-black-color has-white-background-color has-text-color has-background\">Le premier d\u00e9part est donn\u00e9 \u00e0 <strong>13h30<\/strong> pour les 3<sup>\u00e8me<\/sup> cat\u00e9gorie et GS, les f\u00e9minines et les minimes. Le second d\u00e9part est donn\u00e9 \u00e0 <strong>15h30<\/strong> pour les 1<sup>\u00e8re<\/sup> et 2<sup>\u00e8me<\/sup> cat\u00e9gories, ainsi que pour les cadets<\/p>\n\n\n\n<p class=\"has-black-color has-white-background-color has-text-color has-background\">La remise des r\u00e9compenses a lieu rue des Hautiers \u00e0 15h30 et 17h en pr\u00e9sence d\u2019\u2019un repr\u00e9sentant de la commune de Marines.<\/p>\n\n\n\n<p><\/p>\n\n\n\n<figure class=\"wp-block-gallery columns-3 is-cropped has-nested-images columns-default wp-block-gallery-1 is-layout-flex wp-block-gallery-is-layout-flex\"><ul class=\"blocks-gallery-grid\"><li class=\"blocks-gallery-item\"><figure><img data-recalc-dims=\"1\" loading=\"lazy\" decoding=\"async\" width=\"640\" height=\"480\" src=\"https:\/\/i0.wp.com\/acmarines.fr\/wp-content\/uploads\/2021\/12\/prix4.webp?resize=640%2C480&#038;ssl=1\" alt=\"\" data-id=\"837\" data-full-url=\"https:\/\/acmarines.fr\/wp-content\/uploads\/2021\/12\/prix4.webp\" data-link=\"https:\/\/acmarines.fr\/index.php\/le-prix-de-la-st-remy\/prix4\/\" class=\"wp-image-837\" srcset=\"https:\/\/i0.wp.com\/acmarines.fr\/wp-content\/uploads\/2021\/12\/prix4.webp?w=960&amp;ssl=1 960w, https:\/\/i0.wp.com\/acmarines.fr\/wp-content\/uploads\/2021\/12\/prix4.webp?resize=300%2C225&amp;ssl=1 300w, https:\/\/i0.wp.com\/acmarines.fr\/wp-content\/uploads\/2021\/12\/prix4.webp?resize=768%2C576&amp;ssl=1 768w\" sizes=\"auto, (max-width: 640px) 100vw, 640px\" \/><\/figure><\/li><li class=\"blocks-gallery-item\"><figure><img data-recalc-dims=\"1\" loading=\"lazy\" decoding=\"async\" width=\"640\" height=\"480\" src=\"https:\/\/i0.wp.com\/acmarines.fr\/wp-content\/uploads\/2021\/12\/prix3.webp?resize=640%2C480&#038;ssl=1\" alt=\"\" data-id=\"838\" data-full-url=\"https:\/\/acmarines.fr\/wp-content\/uploads\/2021\/12\/prix3.webp\" data-link=\"https:\/\/acmarines.fr\/index.php\/le-prix-de-la-st-remy\/prix3\/\" class=\"wp-image-838\" srcset=\"https:\/\/i0.wp.com\/acmarines.fr\/wp-content\/uploads\/2021\/12\/prix3.webp?w=960&amp;ssl=1 960w, https:\/\/i0.wp.com\/acmarines.fr\/wp-content\/uploads\/2021\/12\/prix3.webp?resize=300%2C225&amp;ssl=1 300w, https:\/\/i0.wp.com\/acmarines.fr\/wp-content\/uploads\/2021\/12\/prix3.webp?resize=768%2C576&amp;ssl=1 768w\" sizes=\"auto, (max-width: 640px) 100vw, 640px\" \/><\/figure><\/li><li class=\"blocks-gallery-item\"><figure><img data-recalc-dims=\"1\" loading=\"lazy\" decoding=\"async\" width=\"640\" height=\"426\" src=\"https:\/\/i0.wp.com\/acmarines.fr\/wp-content\/uploads\/2021\/12\/prix2.webp?resize=640%2C426&#038;ssl=1\" alt=\"\" data-id=\"839\" data-full-url=\"https:\/\/acmarines.fr\/wp-content\/uploads\/2021\/12\/prix2.webp\" data-link=\"https:\/\/acmarines.fr\/index.php\/le-prix-de-la-st-remy\/prix2\/\" class=\"wp-image-839\" srcset=\"https:\/\/i0.wp.com\/acmarines.fr\/wp-content\/uploads\/2021\/12\/prix2.webp?w=1024&amp;ssl=1 1024w, https:\/\/i0.wp.com\/acmarines.fr\/wp-content\/uploads\/2021\/12\/prix2.webp?resize=300%2C200&amp;ssl=1 300w, https:\/\/i0.wp.com\/acmarines.fr\/wp-content\/uploads\/2021\/12\/prix2.webp?resize=768%2C511&amp;ssl=1 768w\" sizes=\"auto, (max-width: 640px) 100vw, 640px\" \/><\/figure><\/li><\/ul><\/figure>\n","protected":false},"excerpt":{"rendered":"<p>L\u2019Association Cycliste de Marines organise deux courses sur route sous l\u2019\u00e9gide de l\u2019UFOLEP,&nbsp; comptant pour le challenge du<\/p>\n","protected":false},"author":1,"featured_media":0,"parent":0,"menu_order":0,"comment_status":"closed","ping_status":"closed","template":"","meta":{"jetpack_post_was_ever_published":false,"footnotes":""},"class_list":["post-420","page","type-page","status-publish","hentry"],"jetpack_sharing_enabled":true,"_links":{"self":[{"href":"https:\/\/acmarines.fr\/index.php?rest_route=\/wp\/v2\/pages\/420","targetHints":{"allow":["GET"]}}],"collection":[{"href":"https:\/\/acmarines.fr\/index.php?rest_route=\/wp\/v2\/pages"}],"about":[{"href":"https:\/\/acmarines.fr\/index.php?rest_route=\/wp\/v2\/types\/page"}],"author":[{"embeddable":true,"href":"https:\/\/acmarines.fr\/index.php?rest_route=\/wp\/v2\/users\/1"}],"replies":[{"embeddable":true,"href":"https:\/\/acmarines.fr\/index.php?rest_route=%2Fwp%2Fv2%2Fcomments&post=420"}],"version-history":[{"count":13,"href":"https:\/\/acmarines.fr\/index.php?rest_route=\/wp\/v2\/pages\/420\/revisions"}],"predecessor-version":[{"id":2264,"href":"https:\/\/acmarines.fr\/index.php?rest_route=\/wp\/v2\/pages\/420\/revisions\/2264"}],"wp:attachment":[{"href":"https:\/\/acmarines.fr\/index.php?rest_route=%2Fwp%2Fv2%2Fmedia&parent=420"}],"curies":[{"name":"wp","href":"https:\/\/api.w.org\/{rel}","templated":true}]}}